{"id":424,"date":"2021-08-20T13:29:30","date_gmt":"2021-08-20T11:29:30","guid":{"rendered":"https:\/\/oikos-church.ch\/?page_id=424"},"modified":"2022-08-26T17:31:58","modified_gmt":"2022-08-26T15:31:58","slug":"blog","status":"publish","type":"page","link":"https:\/\/oikos-church.ch\/en\/blog\/","title":{"rendered":"Blog"},"content":{"rendered":"\t\t<div data-elementor-type=\"wp-page\" data-elementor-id=\"424\" class=\"elementor elementor-424\" data-elementor-post-type=\"page\">\n\t\t\t\t\t\t<section class=\"elementor-section elementor-top-section elementor-element elementor-element-cce6ec4 elementor-section-boxed elementor-section-height-default elementor-section-height-default\" data-id=\"cce6ec4\" data-element_type=\"section\" data-e-type=\"section\" data-settings=\"{&quot;background_background&quot;:&quot;classic&quot;}\">\n\t\t\t\t\t\t<div class=\"elementor-container elementor-column-gap-default\">\n\t\t\t\t\t<div class=\"elementor-column elementor-col-100 elementor-top-column elementor-element elementor-element-eb545bb\" data-id=\"eb545bb\" data-element_type=\"column\" data-e-type=\"column\">\n\t\t\t<div class=\"elementor-widget-wrap elementor-element-populated\">\n\t\t\t\t\t\t<div class=\"elementor-element elementor-element-28e3fb3 elementor-grid-2 elementor-grid-tablet-2 elementor-grid-mobile-1 elementor-posts--thumbnail-top elementor-card-shadow-yes elementor-posts__hover-gradient elementor-widget elementor-widget-posts\" data-id=\"28e3fb3\" data-element_type=\"widget\" data-e-type=\"widget\" data-settings=\"{&quot;cards_columns&quot;:&quot;2&quot;,&quot;cards_columns_tablet&quot;:&quot;2&quot;,&quot;cards_columns_mobile&quot;:&quot;1&quot;,&quot;cards_row_gap&quot;:{&quot;unit&quot;:&quot;px&quot;,&quot;size&quot;:35,&quot;sizes&quot;:[]},&quot;cards_row_gap_tablet&quot;:{&quot;unit&quot;:&quot;px&quot;,&quot;size&quot;:&quot;&quot;,&quot;sizes&quot;:[]},&quot;cards_row_gap_mobile&quot;:{&quot;unit&quot;:&quot;px&quot;,&quot;size&quot;:&quot;&quot;,&quot;sizes&quot;:[]}}\" data-widget_type=\"posts.cards\">\n\t\t\t\t<div class=\"elementor-widget-container\">\n\t\t\t\t\t\t\t<div class=\"elementor-posts-container elementor-posts elementor-posts--skin-cards elementor-grid\" role=\"list\">\n\t\t\t\t<article class=\"elementor-post elementor-grid-item post-2685 post type-post status-publish format-standard has-post-thumbnail hentry category-uncategorized\" role=\"listitem\">\n\t\t\t<div class=\"elementor-post__card\">\n\t\t\t\t<a class=\"elementor-post__thumbnail__link\" href=\"https:\/\/oikos-church.ch\/en\/slow-down\/\" tabindex=\"-1\" target=\"_blank\"><div class=\"elementor-post__thumbnail\"><img fetchpriority=\"high\" decoding=\"async\" width=\"300\" height=\"210\" src=\"https:\/\/oikos-church.ch\/wp-content\/uploads\/2025\/11\/iStock-1184877467-web-300x210.jpg\" class=\"attachment-medium size-medium wp-image-2686\" alt=\"\" srcset=\"https:\/\/oikos-church.ch\/wp-content\/uploads\/2025\/11\/iStock-1184877467-web-300x210.jpg 300w, https:\/\/oikos-church.ch\/wp-content\/uploads\/2025\/11\/iStock-1184877467-web-1024x716.jpg 1024w, https:\/\/oikos-church.ch\/wp-content\/uploads\/2025\/11\/iStock-1184877467-web-768x537.jpg 768w, https:\/\/oikos-church.ch\/wp-content\/uploads\/2025\/11\/iStock-1184877467-web-1536x1074.jpg 1536w, https:\/\/oikos-church.ch\/wp-content\/uploads\/2025\/11\/iStock-1184877467-web-18x12.jpg 18w, https:\/\/oikos-church.ch\/wp-content\/uploads\/2025\/11\/iStock-1184877467-web.jpg 1920w\" sizes=\"(max-width: 300px) 100vw, 300px\" \/><\/div><\/a>\n\t\t\t\t<div class=\"elementor-post__text\">\n\t\t\t\t<h3 class=\"elementor-post__title\">\n\t\t\t<a href=\"https:\/\/oikos-church.ch\/en\/slow-down\/\" target=&quot;_blank&quot;>\n\t\t\t\tSlow Down\t\t\t<\/a>\n\t\t<\/h3>\n\t\t\t\t<div class=\"elementor-post__excerpt\">\n\t\t\t<p>Slow &#8211; slower &#8211; extremely slow &#8211; slow motion. My pace to get to where I need to be is sooo slooow. Trying to speed<\/p>\n\t\t<\/div>\n\t\t\t\t\t<div class=\"elementor-post__read-more-wrapper\">\n\t\t\n\t\t<a class=\"elementor-post__read-more\" href=\"https:\/\/oikos-church.ch\/en\/slow-down\/\" aria-label=\"Read more about Slow Down\" tabindex=\"-1\" target=\"_blank\">\n\t\t\tRead More \u00bb\t\t<\/a>\n\n\t\t\t\t\t<\/div>\n\t\t\t\t<\/div>\n\t\t\t\t<div class=\"elementor-post__meta-data\">\n\t\t\t\t\t<span class=\"elementor-post-date\">\n\t\t\tNovember 26, 2025\t\t<\/span>\n\t\t\t\t<\/div>\n\t\t\t\t\t<\/div>\n\t\t<\/article>\n\t\t\t\t<article class=\"elementor-post elementor-grid-item post-2303 post type-post status-publish format-standard has-post-thumbnail hentry category-uncategorized\" role=\"listitem\">\n\t\t\t<div class=\"elementor-post__card\">\n\t\t\t\t<a class=\"elementor-post__thumbnail__link\" href=\"https:\/\/oikos-church.ch\/en\/letting-go\/\" tabindex=\"-1\" target=\"_blank\"><div class=\"elementor-post__thumbnail\"><img decoding=\"async\" width=\"300\" height=\"225\" src=\"https:\/\/oikos-church.ch\/wp-content\/uploads\/2024\/04\/Foto-Bank_von-Angella-Joseph-web-300x225.jpeg\" class=\"attachment-medium size-medium wp-image-2304\" alt=\"\" srcset=\"https:\/\/oikos-church.ch\/wp-content\/uploads\/2024\/04\/Foto-Bank_von-Angella-Joseph-web-300x225.jpeg 300w, https:\/\/oikos-church.ch\/wp-content\/uploads\/2024\/04\/Foto-Bank_von-Angella-Joseph-web-1024x768.jpeg 1024w, https:\/\/oikos-church.ch\/wp-content\/uploads\/2024\/04\/Foto-Bank_von-Angella-Joseph-web-768x576.jpeg 768w, https:\/\/oikos-church.ch\/wp-content\/uploads\/2024\/04\/Foto-Bank_von-Angella-Joseph-web-1536x1152.jpeg 1536w, https:\/\/oikos-church.ch\/wp-content\/uploads\/2024\/04\/Foto-Bank_von-Angella-Joseph-web-16x12.jpeg 16w, https:\/\/oikos-church.ch\/wp-content\/uploads\/2024\/04\/Foto-Bank_von-Angella-Joseph-web.jpeg 1600w\" sizes=\"(max-width: 300px) 100vw, 300px\" \/><\/div><\/a>\n\t\t\t\t<div class=\"elementor-post__text\">\n\t\t\t\t<h3 class=\"elementor-post__title\">\n\t\t\t<a href=\"https:\/\/oikos-church.ch\/en\/letting-go\/\" target=&quot;_blank&quot;>\n\t\t\t\tLetting Go\t\t\t<\/a>\n\t\t<\/h3>\n\t\t\t\t<div class=\"elementor-post__excerpt\">\n\t\t\t<p>One day here. The next day gone. No warning. No goodbye. It just ended. I don\u2019t get it. &nbsp; It is like doing a disappearing<\/p>\n\t\t<\/div>\n\t\t\t\t\t<div class=\"elementor-post__read-more-wrapper\">\n\t\t\n\t\t<a class=\"elementor-post__read-more\" href=\"https:\/\/oikos-church.ch\/en\/letting-go\/\" aria-label=\"Read more about Letting Go\" tabindex=\"-1\" target=\"_blank\">\n\t\t\tRead More \u00bb\t\t<\/a>\n\n\t\t\t\t\t<\/div>\n\t\t\t\t<\/div>\n\t\t\t\t<div class=\"elementor-post__meta-data\">\n\t\t\t\t\t<span class=\"elementor-post-date\">\n\t\t\tApril 3, 2024\t\t<\/span>\n\t\t\t\t<\/div>\n\t\t\t\t\t<\/div>\n\t\t<\/article>\n\t\t\t\t<article class=\"elementor-post elementor-grid-item post-1924 post type-post status-publish format-standard has-post-thumbnail hentry category-uncategorized\" role=\"listitem\">\n\t\t\t<div class=\"elementor-post__card\">\n\t\t\t\t<a class=\"elementor-post__thumbnail__link\" href=\"https:\/\/oikos-church.ch\/en\/ecoute-ma-voix\/\" tabindex=\"-1\" target=\"_blank\"><div class=\"elementor-post__thumbnail\"><img decoding=\"async\" width=\"300\" height=\"200\" src=\"https:\/\/oikos-church.ch\/wp-content\/uploads\/2022\/10\/iStock-603258150-web-300x200.jpeg\" class=\"attachment-medium size-medium wp-image-1927\" alt=\"\" srcset=\"https:\/\/oikos-church.ch\/wp-content\/uploads\/2022\/10\/iStock-603258150-web-300x200.jpeg 300w, https:\/\/oikos-church.ch\/wp-content\/uploads\/2022\/10\/iStock-603258150-web-768x512.jpeg 768w, https:\/\/oikos-church.ch\/wp-content\/uploads\/2022\/10\/iStock-603258150-web-18x12.jpeg 18w, https:\/\/oikos-church.ch\/wp-content\/uploads\/2022\/10\/iStock-603258150-web.jpeg 1000w\" sizes=\"(max-width: 300px) 100vw, 300px\" \/><\/div><\/a>\n\t\t\t\t<div class=\"elementor-post__text\">\n\t\t\t\t<h3 class=\"elementor-post__title\">\n\t\t\t<a href=\"https:\/\/oikos-church.ch\/en\/ecoute-ma-voix\/\" target=&quot;_blank&quot;>\n\t\t\t\tEcoute Ma Voix\t\t\t<\/a>\n\t\t<\/h3>\n\t\t\t\t<div class=\"elementor-post__excerpt\">\n\t\t\t<p>Sur mon GPS apparait une annotation me demandant si je veux m\u2019engager via l\u2019autoroute en m\u2019acquittant du paiement.<br \/>\nCe \u00e0 quoi je clique sur \u00ab OUI \u00bb- je poss\u00e8de la vignette \u00ab autoroute suisse 2022 \u00bb<br \/>\nCette annotation couvre tout le GPS,<br \/>\nje ne distingue plus aucune indication de route \u00e0 suivre, et\u2026.<br \/>\nelle reste bloqu\u00e9e\u2026<br \/>\nEngag\u00e9e sur l\u2019autoroute, il me faut continuer\u2026 je ne vois plus rien sur mon GPS \u2639<br \/>\nOh la la, \u00e7a ne fonctionne plus, le cache reste bloqu\u00e9\u2026<br \/>\net la route \u00e0 prendre m\u2019est inconnue.<\/p>\n\t\t<\/div>\n\t\t\t\t\t<div class=\"elementor-post__read-more-wrapper\">\n\t\t\n\t\t<a class=\"elementor-post__read-more\" href=\"https:\/\/oikos-church.ch\/en\/ecoute-ma-voix\/\" aria-label=\"Read more about Ecoute Ma Voix\" tabindex=\"-1\" target=\"_blank\">\n\t\t\tRead More \u00bb\t\t<\/a>\n\n\t\t\t\t\t<\/div>\n\t\t\t\t<\/div>\n\t\t\t\t<div class=\"elementor-post__meta-data\">\n\t\t\t\t\t<span class=\"elementor-post-date\">\n\t\t\tOctober 25, 2022\t\t<\/span>\n\t\t\t\t<\/div>\n\t\t\t\t\t<\/div>\n\t\t<\/article>\n\t\t\t\t<article class=\"elementor-post elementor-grid-item post-1916 post type-post status-publish format-standard has-post-thumbnail hentry category-uncategorized\" role=\"listitem\">\n\t\t\t<div class=\"elementor-post__card\">\n\t\t\t\t<a class=\"elementor-post__thumbnail__link\" href=\"https:\/\/oikos-church.ch\/en\/hirte-sein\/\" tabindex=\"-1\" target=\"_blank\"><div class=\"elementor-post__thumbnail\"><img loading=\"lazy\" decoding=\"async\" width=\"300\" height=\"188\" src=\"https:\/\/oikos-church.ch\/wp-content\/uploads\/2022\/10\/iStock-594954906-OIC-300x188.jpg\" class=\"attachment-medium size-medium wp-image-1917\" alt=\"\" srcset=\"https:\/\/oikos-church.ch\/wp-content\/uploads\/2022\/10\/iStock-594954906-OIC-300x188.jpg 300w, https:\/\/oikos-church.ch\/wp-content\/uploads\/2022\/10\/iStock-594954906-OIC-1024x640.jpg 1024w, https:\/\/oikos-church.ch\/wp-content\/uploads\/2022\/10\/iStock-594954906-OIC-768x480.jpg 768w, https:\/\/oikos-church.ch\/wp-content\/uploads\/2022\/10\/iStock-594954906-OIC-1536x960.jpg 1536w, https:\/\/oikos-church.ch\/wp-content\/uploads\/2022\/10\/iStock-594954906-OIC-18x12.jpg 18w, https:\/\/oikos-church.ch\/wp-content\/uploads\/2022\/10\/iStock-594954906-OIC.jpg 1920w\" sizes=\"(max-width: 300px) 100vw, 300px\" \/><\/div><\/a>\n\t\t\t\t<div class=\"elementor-post__text\">\n\t\t\t\t<h3 class=\"elementor-post__title\">\n\t\t\t<a href=\"https:\/\/oikos-church.ch\/en\/hirte-sein\/\" target=&quot;_blank&quot;>\n\t\t\t\tHirte Sein\t\t\t<\/a>\n\t\t<\/h3>\n\t\t\t\t<div class=\"elementor-post__excerpt\">\n\t\t\t<p>Hirte sein in der heutigen Zeit \u2013 Gibt es das noch? \u2013 Ein Interview mit zwei<br \/>\nVertretern dieser Berufsklasse<\/p>\n<p>Moderatorin: Ursula Meyer<\/p>\n<p>Hirte sein, ein herausfordernder Beruf. Wir lernen zwei unterschiedliche Hirten kennen.<br \/>\nSchon seit einigen Jahren sind der Wolf und der B\u00e4r in der Schweiz zur\u00fcck: Wie sch\u00fctzen die<br \/>\nHirten ihre Herde vor diesen Tieren?<\/p>\n\t\t<\/div>\n\t\t\t\t\t<div class=\"elementor-post__read-more-wrapper\">\n\t\t\n\t\t<a class=\"elementor-post__read-more\" href=\"https:\/\/oikos-church.ch\/en\/hirte-sein\/\" aria-label=\"Read more about Hirte Sein\" tabindex=\"-1\" target=\"_blank\">\n\t\t\tRead More \u00bb\t\t<\/a>\n\n\t\t\t\t\t<\/div>\n\t\t\t\t<\/div>\n\t\t\t\t<div class=\"elementor-post__meta-data\">\n\t\t\t\t\t<span class=\"elementor-post-date\">\n\t\t\tOctober 12, 2022\t\t<\/span>\n\t\t\t\t<\/div>\n\t\t\t\t\t<\/div>\n\t\t<\/article>\n\t\t\t\t<article class=\"elementor-post elementor-grid-item post-1673 post type-post status-publish format-standard has-post-thumbnail hentry category-uncategorized\" role=\"listitem\">\n\t\t\t<div class=\"elementor-post__card\">\n\t\t\t\t<a class=\"elementor-post__thumbnail__link\" href=\"https:\/\/oikos-church.ch\/en\/love-finds-me\/\" tabindex=\"-1\" target=\"_blank\"><div class=\"elementor-post__thumbnail\"><img loading=\"lazy\" decoding=\"async\" width=\"300\" height=\"200\" src=\"https:\/\/oikos-church.ch\/wp-content\/uploads\/2022\/08\/Love-Finds-Me-300x200.jpeg\" class=\"attachment-medium size-medium wp-image-1684\" alt=\"\" srcset=\"https:\/\/oikos-church.ch\/wp-content\/uploads\/2022\/08\/Love-Finds-Me-300x200.jpeg 300w, https:\/\/oikos-church.ch\/wp-content\/uploads\/2022\/08\/Love-Finds-Me-1024x683.jpeg 1024w, https:\/\/oikos-church.ch\/wp-content\/uploads\/2022\/08\/Love-Finds-Me-768x512.jpeg 768w, https:\/\/oikos-church.ch\/wp-content\/uploads\/2022\/08\/Love-Finds-Me-18x12.jpeg 18w, https:\/\/oikos-church.ch\/wp-content\/uploads\/2022\/08\/Love-Finds-Me.jpeg 1200w\" sizes=\"(max-width: 300px) 100vw, 300px\" \/><\/div><\/a>\n\t\t\t\t<div class=\"elementor-post__text\">\n\t\t\t\t<h3 class=\"elementor-post__title\">\n\t\t\t<a href=\"https:\/\/oikos-church.ch\/en\/love-finds-me\/\" target=&quot;_blank&quot;>\n\t\t\t\tLove Finds Me (Part I \u2013 The Search for God)\t\t\t<\/a>\n\t\t<\/h3>\n\t\t\t\t<div class=\"elementor-post__excerpt\">\n\t\t\t<p>The journey to find love, or more accurately, to find the One who embodies love and who Himself is love, is a journey we all need to embark on \u2013 the sooner, the better. In this process we get a better understanding of our true identity. In finding the One who is love, we find ourselves. Knowing whose we are, is the beginning of knowing who we really are. I have heard that we are made with a longing in our hearts that cannot be filled by any person or thing.<\/p>\n<p>This poem is about my journey to find this One Love that is superior to all other loves and is the only One able to fill the longing in our hearts.For a long time, I thought that I knew this higher Love, until I embarked on a relationship with Him and quickly realized, I mostly knew of Him.<\/p>\n\t\t<\/div>\n\t\t\t\t\t<div class=\"elementor-post__read-more-wrapper\">\n\t\t\n\t\t<a class=\"elementor-post__read-more\" href=\"https:\/\/oikos-church.ch\/en\/love-finds-me\/\" aria-label=\"Read more about Love Finds Me (Part I \u2013 The Search for God)\" tabindex=\"-1\" target=\"_blank\">\n\t\t\tRead More \u00bb\t\t<\/a>\n\n\t\t\t\t\t<\/div>\n\t\t\t\t<\/div>\n\t\t\t\t<div class=\"elementor-post__meta-data\">\n\t\t\t\t\t<span class=\"elementor-post-date\">\n\t\t\tAugust 26, 2022\t\t<\/span>\n\t\t\t\t<\/div>\n\t\t\t\t\t<\/div>\n\t\t<\/article>\n\t\t\t\t<\/div>\n\t\t\n\t\t\t\t\t\t<\/div>\n\t\t\t\t<\/div>\n\t\t\t\t\t<\/div>\n\t\t<\/div>\n\t\t\t\t\t<\/div>\n\t\t<\/section>\n\t\t\t\t<\/div>\n\t\t","protected":false},"excerpt":{"rendered":"","protected":false},"author":1,"featured_media":0,"parent":0,"menu_order":0,"comment_status":"closed","ping_status":"closed","template":"","meta":{"_acf_changed":false,"footnotes":""},"class_list":["post-424","page","type-page","status-publish","hentry"],"acf":[],"_links":{"self":[{"href":"https:\/\/oikos-church.ch\/en\/wp-json\/wp\/v2\/pages\/424","targetHints":{"allow":["GET"]}}],"collection":[{"href":"https:\/\/oikos-church.ch\/en\/wp-json\/wp\/v2\/pages"}],"about":[{"href":"https:\/\/oikos-church.ch\/en\/wp-json\/wp\/v2\/types\/page"}],"author":[{"embeddable":true,"href":"https:\/\/oikos-church.ch\/en\/wp-json\/wp\/v2\/users\/1"}],"replies":[{"embeddable":true,"href":"https:\/\/oikos-church.ch\/en\/wp-json\/wp\/v2\/comments?post=424"}],"version-history":[{"count":12,"href":"https:\/\/oikos-church.ch\/en\/wp-json\/wp\/v2\/pages\/424\/revisions"}],"predecessor-version":[{"id":1703,"href":"https:\/\/oikos-church.ch\/en\/wp-json\/wp\/v2\/pages\/424\/revisions\/1703"}],"wp:attachment":[{"href":"https:\/\/oikos-church.ch\/en\/wp-json\/wp\/v2\/media?parent=424"}],"curies":[{"name":"wp","href":"https:\/\/api.w.org\/{rel}","templated":true}]}}