{"id":1784,"date":"2022-09-08T14:47:21","date_gmt":"2022-09-08T12:47:21","guid":{"rendered":"https:\/\/oikos-church.ch\/?page_id=1784"},"modified":"2022-09-08T16:22:52","modified_gmt":"2022-09-08T14:22:52","slug":"thank-you","status":"publish","type":"page","link":"https:\/\/oikos-church.ch\/en\/thank-you\/","title":{"rendered":"Thank you"},"content":{"rendered":"\t\t<div data-elementor-type=\"wp-page\" data-elementor-id=\"1784\" class=\"elementor elementor-1784\" data-elementor-post-type=\"page\">\n\t\t\t\t\t\t<section class=\"elementor-section elementor-top-section elementor-element elementor-element-fea03b6 elementor-section-boxed elementor-section-height-default elementor-section-height-default\" data-id=\"fea03b6\" data-element_type=\"section\" data-e-type=\"section\">\n\t\t\t\t\t\t<div class=\"elementor-container elementor-column-gap-default\">\n\t\t\t\t\t<div class=\"elementor-column elementor-col-100 elementor-top-column elementor-element elementor-element-26cfdd8\" data-id=\"26cfdd8\" data-element_type=\"column\" data-e-type=\"column\">\n\t\t\t<div class=\"elementor-widget-wrap elementor-element-populated\">\n\t\t\t\t\t\t<div class=\"elementor-element elementor-element-9eb5ec9 elementor-widget elementor-widget-image\" data-id=\"9eb5ec9\" data-element_type=\"widget\" data-e-type=\"widget\" data-widget_type=\"image.default\">\n\t\t\t\t<div class=\"elementor-widget-container\">\n\t\t\t\t\t\t\t\t\t\t\t\t\t\t\t<img fetchpriority=\"high\" decoding=\"async\" width=\"1600\" height=\"470\" src=\"https:\/\/oikos-church.ch\/wp-content\/uploads\/2022\/09\/church-worship.jpeg\" class=\"attachment-full size-full wp-image-1798\" alt=\"\" srcset=\"https:\/\/oikos-church.ch\/wp-content\/uploads\/2022\/09\/church-worship.jpeg 1600w, https:\/\/oikos-church.ch\/wp-content\/uploads\/2022\/09\/church-worship-300x88.jpeg 300w, https:\/\/oikos-church.ch\/wp-content\/uploads\/2022\/09\/church-worship-1024x301.jpeg 1024w, https:\/\/oikos-church.ch\/wp-content\/uploads\/2022\/09\/church-worship-768x226.jpeg 768w, https:\/\/oikos-church.ch\/wp-content\/uploads\/2022\/09\/church-worship-1536x451.jpeg 1536w, https:\/\/oikos-church.ch\/wp-content\/uploads\/2022\/09\/church-worship-18x5.jpeg 18w\" sizes=\"(max-width: 1600px) 100vw, 1600px\" \/>\t\t\t\t\t\t\t\t\t\t\t\t\t\t\t<\/div>\n\t\t\t\t<\/div>\n\t\t\t\t<div class=\"elementor-element elementor-element-806ba34 elementor-widget elementor-widget-heading\" data-id=\"806ba34\" data-element_type=\"widget\" data-e-type=\"widget\" data-widget_type=\"heading.default\">\n\t\t\t\t<div class=\"elementor-widget-container\">\n\t\t\t\t\t<h2 class=\"elementor-heading-title elementor-size-default\">Thank you for sending us your prayer request, we will pray for you as a church in accordance with God\u2019s Will.<\/h2>\t\t\t\t<\/div>\n\t\t\t\t<\/div>\n\t\t\t\t<div class=\"elementor-element elementor-element-f9dc79d elementor-widget elementor-widget-text-editor\" data-id=\"f9dc79d\" data-element_type=\"widget\" data-e-type=\"widget\" data-widget_type=\"text-editor.default\">\n\t\t\t\t<div class=\"elementor-widget-container\">\n\t\t\t\t\t\t\t\t\t<p>We also invite you to visit us at our Sunday Service, where we welcome guests and members to place prayers into our prayer basket. During the service, we take time to offer these prayers to the Lord our God, trusting that He hears and answers us.<\/p>\t\t\t\t\t\t\t\t<\/div>\n\t\t\t\t<\/div>\n\t\t\t\t<div class=\"elementor-element elementor-element-20c7fa8 elementor-widget-divider--view-line elementor-widget elementor-widget-divider\" data-id=\"20c7fa8\" data-element_type=\"widget\" data-e-type=\"widget\" data-widget_type=\"divider.default\">\n\t\t\t\t<div class=\"elementor-widget-container\">\n\t\t\t\t\t\t\t<div class=\"elementor-divider\">\n\t\t\t<span class=\"elementor-divider-separator\">\n\t\t\t\t\t\t<\/span>\n\t\t<\/div>\n\t\t\t\t\t\t<\/div>\n\t\t\t\t<\/div>\n\t\t\t\t<div class=\"elementor-element elementor-element-fe60042 elementor-widget elementor-widget-heading\" data-id=\"fe60042\" data-element_type=\"widget\" data-e-type=\"widget\" data-widget_type=\"heading.default\">\n\t\t\t\t<div class=\"elementor-widget-container\">\n\t\t\t\t\t<h2 class=\"elementor-heading-title elementor-size-default\">Danke, dass Sie ihr Gebetsanliegen geschickt haben. Wir werden daf\u00fcr beten.<\/h2>\t\t\t\t<\/div>\n\t\t\t\t<\/div>\n\t\t\t\t<div class=\"elementor-element elementor-element-093226f elementor-widget elementor-widget-text-editor\" data-id=\"093226f\" data-element_type=\"widget\" data-e-type=\"widget\" data-widget_type=\"text-editor.default\">\n\t\t\t\t<div class=\"elementor-widget-container\">\n\t\t\t\t\t\t\t\t\t<p>Gern laden wir Sie auch in unseren Sonntagsgottesdienst ein. Dort haben wir einen \u00abGebetskorb\u00bb, in den Sie einen Zettel mit Ihrem Anliegen einwerfen k\u00f6nnen. W\u00e4hrend des Gottesdienstes beten wir f\u00fcr alle Anliegen im Korb und vertrauen, dass Gott uns h\u00f6rt und erh\u00f6rt.<\/p>\t\t\t\t\t\t\t\t<\/div>\n\t\t\t\t<\/div>\n\t\t\t\t\t<\/div>\n\t\t<\/div>\n\t\t\t\t\t<\/div>\n\t\t<\/section>\n\t\t\t\t<section class=\"elementor-section elementor-top-section elementor-element elementor-element-8bbde61 elementor-section-boxed elementor-section-height-default elementor-section-height-default\" data-id=\"8bbde61\" data-element_type=\"section\" data-e-type=\"section\" data-settings=\"{&quot;background_background&quot;:&quot;classic&quot;}\">\n\t\t\t\t\t\t<div class=\"elementor-container elementor-column-gap-default\">\n\t\t\t\t\t<div class=\"elementor-column elementor-col-50 elementor-top-column elementor-element elementor-element-d3bebaa\" data-id=\"d3bebaa\" data-element_type=\"column\" data-e-type=\"column\">\n\t\t\t<div class=\"elementor-widget-wrap elementor-element-populated\">\n\t\t\t\t\t\t<div class=\"elementor-element elementor-element-a102e95 elementor-widget elementor-widget-heading\" data-id=\"a102e95\" data-element_type=\"widget\" data-e-type=\"widget\" data-widget_type=\"heading.default\">\n\t\t\t\t<div class=\"elementor-widget-container\">\n\t\t\t\t\t<h2 class=\"elementor-heading-title elementor-size-default\">Watch our Videos<\/h2>\t\t\t\t<\/div>\n\t\t\t\t<\/div>\n\t\t\t\t<div class=\"elementor-element elementor-element-673e464 elementor-widget elementor-widget-heading\" data-id=\"673e464\" data-element_type=\"widget\" data-e-type=\"widget\" data-widget_type=\"heading.default\">\n\t\t\t\t<div class=\"elementor-widget-container\">\n\t\t\t\t\t<h2 class=\"elementor-heading-title elementor-size-default\">Follow us <\/h2>\t\t\t\t<\/div>\n\t\t\t\t<\/div>\n\t\t\t\t<div class=\"elementor-element elementor-element-2fa3655 elementor-shape-rounded elementor-grid-0 e-grid-align-center elementor-widget elementor-widget-social-icons\" data-id=\"2fa3655\" data-element_type=\"widget\" data-e-type=\"widget\" data-widget_type=\"social-icons.default\">\n\t\t\t\t<div class=\"elementor-widget-container\">\n\t\t\t\t\t\t\t<div class=\"elementor-social-icons-wrapper elementor-grid\" role=\"list\">\n\t\t\t\t\t\t\t<span class=\"elementor-grid-item\" role=\"listitem\">\n\t\t\t\t\t<a class=\"elementor-icon elementor-social-icon elementor-social-icon-youtube elementor-repeater-item-b1e13b8\" href=\"https:\/\/www.youtube.com\/OikosInternationalChurch\" target=\"_blank\">\n\t\t\t\t\t\t<span class=\"elementor-screen-only\">Youtube<\/span>\n\t\t\t\t\t\t<i aria-hidden=\"true\" class=\"fab fa-youtube\"><\/i>\t\t\t\t\t<\/a>\n\t\t\t\t<\/span>\n\t\t\t\t\t\t\t<span class=\"elementor-grid-item\" role=\"listitem\">\n\t\t\t\t\t<a class=\"elementor-icon elementor-social-icon elementor-social-icon-facebook elementor-repeater-item-06b5578\" href=\"https:\/\/www.facebook.com\/oikosinternationalchurch\" target=\"_blank\">\n\t\t\t\t\t\t<span class=\"elementor-screen-only\">Facebook<\/span>\n\t\t\t\t\t\t<i aria-hidden=\"true\" class=\"fab fa-facebook\"><\/i>\t\t\t\t\t<\/a>\n\t\t\t\t<\/span>\n\t\t\t\t\t\t\t<span class=\"elementor-grid-item\" role=\"listitem\">\n\t\t\t\t\t<a class=\"elementor-icon elementor-social-icon elementor-social-icon-instagram elementor-repeater-item-1340f62\" href=\"https:\/\/www.instagram.com\/oikosinternationalchurch\/\" target=\"_blank\">\n\t\t\t\t\t\t<span class=\"elementor-screen-only\">Instagram<\/span>\n\t\t\t\t\t\t<i aria-hidden=\"true\" class=\"fab fa-instagram\"><\/i>\t\t\t\t\t<\/a>\n\t\t\t\t<\/span>\n\t\t\t\t\t\t\t<span class=\"elementor-grid-item\" role=\"listitem\">\n\t\t\t\t\t<a class=\"elementor-icon elementor-social-icon elementor-social-icon-spotify elementor-repeater-item-3f4ce91\" href=\"https:\/\/open.spotify.com\/show\/0fLsLXRj2IMZT1g2fVqi32\" target=\"_blank\">\n\t\t\t\t\t\t<span class=\"elementor-screen-only\">Spotify<\/span>\n\t\t\t\t\t\t<i aria-hidden=\"true\" class=\"fab fa-spotify\"><\/i>\t\t\t\t\t<\/a>\n\t\t\t\t<\/span>\n\t\t\t\t\t\t\t<span class=\"elementor-grid-item\" role=\"listitem\">\n\t\t\t\t\t<a class=\"elementor-icon elementor-social-icon elementor-social-icon-podcast elementor-repeater-item-306b1ef\" href=\"https:\/\/podcasts.apple.com\/in\/podcast\/oikos-international-churchs-podcast\/id1086017276\" target=\"_blank\">\n\t\t\t\t\t\t<span class=\"elementor-screen-only\">Podcast<\/span>\n\t\t\t\t\t\t<i aria-hidden=\"true\" class=\"fas fa-podcast\"><\/i>\t\t\t\t\t<\/a>\n\t\t\t\t<\/span>\n\t\t\t\t\t<\/div>\n\t\t\t\t\t\t<\/div>\n\t\t\t\t<\/div>\n\t\t\t\t\t<\/div>\n\t\t<\/div>\n\t\t\t\t<div class=\"elementor-column elementor-col-50 elementor-top-column elementor-element elementor-element-ebd752d\" data-id=\"ebd752d\" data-element_type=\"column\" data-e-type=\"column\">\n\t\t\t<div class=\"elementor-widget-wrap elementor-element-populated\">\n\t\t\t\t\t\t<div class=\"elementor-element elementor-element-a7751ad elementor-widget elementor-widget-heading\" data-id=\"a7751ad\" data-element_type=\"widget\" data-e-type=\"widget\" data-widget_type=\"heading.default\">\n\t\t\t\t<div class=\"elementor-widget-container\">\n\t\t\t\t\t<h2 class=\"elementor-heading-title elementor-size-default\">Listen to our podcast<\/h2>\t\t\t\t<\/div>\n\t\t\t\t<\/div>\n\t\t\t\t<div class=\"elementor-element elementor-element-0dc42b5 elementor-widget elementor-widget-text-editor\" data-id=\"0dc42b5\" data-element_type=\"widget\" data-e-type=\"widget\" data-widget_type=\"text-editor.default\">\n\t\t\t\t<div class=\"elementor-widget-container\">\n\t\t\t\t\t\t\t\t\t[podcastplayer feed_url=&#8217;https:\/\/oikosinternationalchurch.podomatic.com\/rss2.xml&#8217;]\t\t\t\t\t\t\t\t<\/div>\n\t\t\t\t<\/div>\n\t\t\t\t\t<\/div>\n\t\t<\/div>\n\t\t\t\t\t<\/div>\n\t\t<\/section>\n\t\t\t\t<\/div>\n\t\t","protected":false},"excerpt":{"rendered":"<p>Thank you for sending us your prayer request, we will pray for you as a church in accordance with God\u2019s Will. We also invite you to visit us at our Sunday Service, where we welcome guests and members to place prayers into our prayer basket. During the service, we take time to offer these prayers [&hellip;]<\/p>\n","protected":false},"author":1,"featured_media":0,"parent":0,"menu_order":0,"comment_status":"closed","ping_status":"closed","template":"","meta":{"_acf_changed":false,"footnotes":""},"class_list":["post-1784","page","type-page","status-publish","hentry"],"acf":[],"_links":{"self":[{"href":"https:\/\/oikos-church.ch\/en\/wp-json\/wp\/v2\/pages\/1784","targetHints":{"allow":["GET"]}}],"collection":[{"href":"https:\/\/oikos-church.ch\/en\/wp-json\/wp\/v2\/pages"}],"about":[{"href":"https:\/\/oikos-church.ch\/en\/wp-json\/wp\/v2\/types\/page"}],"author":[{"embeddable":true,"href":"https:\/\/oikos-church.ch\/en\/wp-json\/wp\/v2\/users\/1"}],"replies":[{"embeddable":true,"href":"https:\/\/oikos-church.ch\/en\/wp-json\/wp\/v2\/comments?post=1784"}],"version-history":[{"count":34,"href":"https:\/\/oikos-church.ch\/en\/wp-json\/wp\/v2\/pages\/1784\/revisions"}],"predecessor-version":[{"id":1855,"href":"https:\/\/oikos-church.ch\/en\/wp-json\/wp\/v2\/pages\/1784\/revisions\/1855"}],"wp:attachment":[{"href":"https:\/\/oikos-church.ch\/en\/wp-json\/wp\/v2\/media?parent=1784"}],"curies":[{"name":"wp","href":"https:\/\/api.w.org\/{rel}","templated":true}]}}